{"id":47,"date":"2021-12-12T20:19:16","date_gmt":"2021-12-12T20:19:16","guid":{"rendered":"http:\/\/web12496.serv4.spacequadrat.de\/html\/?page_id=47"},"modified":"2025-06-01T08:27:13","modified_gmt":"2025-06-01T08:27:13","slug":"catering","status":"publish","type":"page","link":"http:\/\/web12496.serv4.spacequadrat.de\/html\/catering\/","title":{"rendered":"Catering"},"content":{"rendered":"\n<h2 class=\"wp-block-heading has-text-align-center\" style=\"font-size:28px\"><mark style=\"background-color:rgba(0, 0, 0, 0)\" class=\"has-inline-color has-luminous-vivid-orange-color\">Party-Service<\/mark><\/h2>\n\n\n\n<p class=\"has-text-align-center\" style=\"font-size:22px\">Wenn Sie zu einer Familienfeier, einem Betriebsfest, einem Jubil\u00e4um oder einer Gartenparty einladen <\/p>\n\n\n\n<p class=\"has-text-align-center\" style=\"font-size:22px\">und asiatische K\u00fcche bevorzugen, sprechen Sie uns an!<\/p>\n\n\n\n<p class=\"has-text-align-center\" style=\"font-size:22px\">Von unserem Partyservice werden Ihre G\u00e4ste begeistert sein!<\/p>\n\n\n\n<figure class=\"wp-block-gallery has-nested-images columns-default is-cropped wp-block-gallery-1 is-layout-flex wp-block-gallery-is-layout-flex\">\n<figure class=\"wp-block-image size-large\"><img fetchpriority=\"high\" decoding=\"async\" width=\"1024\" height=\"768\" data-id=\"48\" src=\"http:\/\/web12496.serv4.spacequadrat.de\/html\/wp-content\/uploads\/2021\/12\/001.jpg\" alt=\"Schweinefleisch mit Zwiebeln und Gem\u00fcse\" class=\"wp-image-48\" srcset=\"http:\/\/web12496.serv4.spacequadrat.de\/html\/wp-content\/uploads\/2021\/12\/001.jpg 1024w, http:\/\/web12496.serv4.spacequadrat.de\/html\/wp-content\/uploads\/2021\/12\/001-300x225.jpg 300w, http:\/\/web12496.serv4.spacequadrat.de\/html\/wp-content\/uploads\/2021\/12\/001-768x576.jpg 768w\" sizes=\"(max-width: 1024px) 100vw, 1024px\" \/><\/figure>\n\n\n\n<figure class=\"wp-block-image size-large\"><img decoding=\"async\" width=\"1024\" height=\"768\" data-id=\"49\" src=\"http:\/\/web12496.serv4.spacequadrat.de\/html\/wp-content\/uploads\/2021\/12\/002.jpg\" alt=\"Gebackene Garnelen\" class=\"wp-image-49\" srcset=\"http:\/\/web12496.serv4.spacequadrat.de\/html\/wp-content\/uploads\/2021\/12\/002.jpg 1024w, http:\/\/web12496.serv4.spacequadrat.de\/html\/wp-content\/uploads\/2021\/12\/002-300x225.jpg 300w, http:\/\/web12496.serv4.spacequadrat.de\/html\/wp-content\/uploads\/2021\/12\/002-768x576.jpg 768w\" sizes=\"(max-width: 1024px) 100vw, 1024px\" \/><\/figure>\n\n\n\n<figure class=\"wp-block-image size-large\"><img decoding=\"async\" width=\"768\" height=\"1024\" data-id=\"50\" src=\"http:\/\/web12496.serv4.spacequadrat.de\/html\/wp-content\/uploads\/2021\/12\/003.jpg\" alt=\"Gebackenes H\u00e4hnchen S\u00fc\u00df-Sauer\" class=\"wp-image-50\" srcset=\"http:\/\/web12496.serv4.spacequadrat.de\/html\/wp-content\/uploads\/2021\/12\/003.jpg 768w, http:\/\/web12496.serv4.spacequadrat.de\/html\/wp-content\/uploads\/2021\/12\/003-225x300.jpg 225w\" sizes=\"(max-width: 768px) 100vw, 768px\" \/><\/figure>\n\n\n\n<figure class=\"wp-block-image size-large\"><img loading=\"lazy\" decoding=\"async\" width=\"767\" height=\"744\" data-id=\"51\" src=\"http:\/\/web12496.serv4.spacequadrat.de\/html\/wp-content\/uploads\/2021\/12\/004.jpg\" alt=\"Schweinefleisch Chop-Suey\" class=\"wp-image-51\" srcset=\"http:\/\/web12496.serv4.spacequadrat.de\/html\/wp-content\/uploads\/2021\/12\/004.jpg 767w, http:\/\/web12496.serv4.spacequadrat.de\/html\/wp-content\/uploads\/2021\/12\/004-300x291.jpg 300w\" sizes=\"(max-width: 767px) 100vw, 767px\" \/><\/figure>\n\n\n\n<figure class=\"wp-block-image size-large\"><img loading=\"lazy\" decoding=\"async\" width=\"768\" height=\"1024\" data-id=\"52\" src=\"http:\/\/web12496.serv4.spacequadrat.de\/html\/wp-content\/uploads\/2021\/12\/005.jpg\" alt=\"Knusprige Ente S\u00fc\u00df-Sauer\" class=\"wp-image-52\" srcset=\"http:\/\/web12496.serv4.spacequadrat.de\/html\/wp-content\/uploads\/2021\/12\/005.jpg 768w, http:\/\/web12496.serv4.spacequadrat.de\/html\/wp-content\/uploads\/2021\/12\/005-225x300.jpg 225w\" sizes=\"(max-width: 768px) 100vw, 768px\" \/><\/figure>\n\n\n\n<figure class=\"wp-block-image size-large\"><img loading=\"lazy\" decoding=\"async\" width=\"768\" height=\"1024\" data-id=\"268\" src=\"http:\/\/web12496.serv4.spacequadrat.de\/html\/wp-content\/uploads\/2024\/10\/Buffet02-768x1024.jpg\" alt=\"Buffet Familienfeier\" class=\"wp-image-268\" srcset=\"http:\/\/web12496.serv4.spacequadrat.de\/html\/wp-content\/uploads\/2024\/10\/Buffet02-768x1024.jpg 768w, http:\/\/web12496.serv4.spacequadrat.de\/html\/wp-content\/uploads\/2024\/10\/Buffet02-225x300.jpg 225w, http:\/\/web12496.serv4.spacequadrat.de\/html\/wp-content\/uploads\/2024\/10\/Buffet02-1152x1536.jpg 1152w, http:\/\/web12496.serv4.spacequadrat.de\/html\/wp-content\/uploads\/2024\/10\/Buffet02.jpg 1512w\" sizes=\"(max-width: 768px) 100vw, 768px\" \/><\/figure>\n\n\n\n<figure class=\"wp-block-image size-large\"><img loading=\"lazy\" decoding=\"async\" width=\"768\" height=\"1024\" data-id=\"266\" src=\"http:\/\/web12496.serv4.spacequadrat.de\/html\/wp-content\/uploads\/2024\/10\/Buffet01-768x1024.jpg\" alt=\"Gastraum hinten Familienfeier\" class=\"wp-image-266\" srcset=\"http:\/\/web12496.serv4.spacequadrat.de\/html\/wp-content\/uploads\/2024\/10\/Buffet01-768x1024.jpg 768w, http:\/\/web12496.serv4.spacequadrat.de\/html\/wp-content\/uploads\/2024\/10\/Buffet01-225x300.jpg 225w, http:\/\/web12496.serv4.spacequadrat.de\/html\/wp-content\/uploads\/2024\/10\/Buffet01-1152x1536.jpg 1152w, http:\/\/web12496.serv4.spacequadrat.de\/html\/wp-content\/uploads\/2024\/10\/Buffet01.jpg 1512w\" sizes=\"(max-width: 768px) 100vw, 768px\" \/><\/figure>\n\n\n\n<figure class=\"wp-block-image size-large\"><img loading=\"lazy\" decoding=\"async\" width=\"768\" height=\"1024\" data-id=\"269\" src=\"http:\/\/web12496.serv4.spacequadrat.de\/html\/wp-content\/uploads\/2024\/10\/Buffet03-768x1024.jpg\" alt=\"Gastraum vorne Familienfeier\" class=\"wp-image-269\" srcset=\"http:\/\/web12496.serv4.spacequadrat.de\/html\/wp-content\/uploads\/2024\/10\/Buffet03-768x1024.jpg 768w, http:\/\/web12496.serv4.spacequadrat.de\/html\/wp-content\/uploads\/2024\/10\/Buffet03-225x300.jpg 225w, http:\/\/web12496.serv4.spacequadrat.de\/html\/wp-content\/uploads\/2024\/10\/Buffet03-1152x1536.jpg 1152w, http:\/\/web12496.serv4.spacequadrat.de\/html\/wp-content\/uploads\/2024\/10\/Buffet03.jpg 1512w\" sizes=\"(max-width: 768px) 100vw, 768px\" \/><\/figure>\n<\/figure>\n","protected":false},"excerpt":{"rendered":"<p>Party-Service Wenn Sie zu einer Familienfeier, einem Betriebsfest, einem Jubil\u00e4um oder einer Gartenparty einladen und asiatische K\u00fcche bevorzugen, sprechen Sie uns an! Von unserem Partyservice werden Ihre G\u00e4ste begeistert sein!<\/p>\n","protected":false},"author":1,"featured_media":0,"parent":0,"menu_order":0,"comment_status":"closed","ping_status":"closed","template":"","meta":{"footnotes":""},"class_list":["post-47","page","type-page","status-publish","hentry"],"_links":{"self":[{"href":"http:\/\/web12496.serv4.spacequadrat.de\/html\/wp-json\/wp\/v2\/pages\/47","targetHints":{"allow":["GET"]}}],"collection":[{"href":"http:\/\/web12496.serv4.spacequadrat.de\/html\/wp-json\/wp\/v2\/pages"}],"about":[{"href":"http:\/\/web12496.serv4.spacequadrat.de\/html\/wp-json\/wp\/v2\/types\/page"}],"author":[{"embeddable":true,"href":"http:\/\/web12496.serv4.spacequadrat.de\/html\/wp-json\/wp\/v2\/users\/1"}],"replies":[{"embeddable":true,"href":"http:\/\/web12496.serv4.spacequadrat.de\/html\/wp-json\/wp\/v2\/comments?post=47"}],"version-history":[{"count":8,"href":"http:\/\/web12496.serv4.spacequadrat.de\/html\/wp-json\/wp\/v2\/pages\/47\/revisions"}],"predecessor-version":[{"id":290,"href":"http:\/\/web12496.serv4.spacequadrat.de\/html\/wp-json\/wp\/v2\/pages\/47\/revisions\/290"}],"wp:attachment":[{"href":"http:\/\/web12496.serv4.spacequadrat.de\/html\/wp-json\/wp\/v2\/media?parent=47"}],"curies":[{"name":"wp","href":"https:\/\/api.w.org\/{rel}","templated":true}]}}