{"id":2,"date":"2021-12-12T18:19:46","date_gmt":"2021-12-12T18:19:46","guid":{"rendered":"http:\/\/web12496.serv4.spacequadrat.de\/html\/?page_id=2"},"modified":"2026-04-10T05:16:31","modified_gmt":"2026-04-10T05:16:31","slug":"startseite","status":"publish","type":"page","link":"http:\/\/web12496.serv4.spacequadrat.de\/html\/","title":{"rendered":"Willkommen beim China Wok"},"content":{"rendered":"\n<p class=\"has-text-align-center\" style=\"font-size:22px;font-style:normal;font-weight:600\">Willkommen beim China Wok L\u00fcbeck!<\/p>\n\n\n\n<p class=\"has-text-align-center has-vivid-red-color has-text-color\" style=\"font-size:22px;font-style:normal;font-weight:800\"><\/p>\n\n\n\n<p class=\"has-text-align-center\" style=\"font-size:22px\">Seit 2003 bieten wir Ihnen fern\u00f6stliche Spezialit\u00e4ten in unserem <\/p>\n\n\n\n<p class=\"has-text-align-center\" style=\"font-size:22px\">Restaurant &amp; Lieferservice in L\u00fcbeck an.<\/p>\n\n\n\n<p class=\"has-text-align-center\" style=\"font-size:22px\"><br>Wir haben dieses Jubil\u00e4um zum Anlass genommen, <\/p>\n\n\n\n<p class=\"has-text-align-center\" style=\"font-size:22px\">unsere Gastr\u00e4ume in neuem Glanz erstrahlen zu lassen.<\/p>\n\n\n\n<p class=\"has-text-align-center\" style=\"font-size:22px\"><br>Besuchen Sie uns in der Schwartauer Allee 30 oder bestellen Sie Ihr Lieblingsgericht einfach bequem nach Hause &#8211; wir freuen uns auf Ihren Anruf!<\/p>\n\n\n\n<p><\/p>\n\n\n\n<p class=\"has-text-align-center has-vivid-red-color has-text-color\" style=\"font-size:22px;font-style:normal;font-weight:600\">Ihr China Wok Team<\/p>\n\n\n\n<p class=\"has-text-align-center\" style=\"font-size:22px\">Mindestbestellwert im Stadtgebiet: 15 Euro zzgl. Liefergeb\u00fchr ab 1 Euro (abh\u00e4ngig von der Entfernung).<\/p>\n\n\n\n<p class=\"has-text-align-center\" style=\"font-size:22px\">Sie k\u00f6nnen Ihre Bestellungen auch selbst abholen nach telefonischer Absprache.<\/p>\n\n\n\n<p class=\"has-text-align-center\" style=\"font-size:22px\">Weitere Entfernungen gerne auf Anfrage.<\/p>\n\n\n<div class=\"wp-block-image is-style-rounded\">\n<figure class=\"aligncenter size-large is-resized\"><img fetchpriority=\"high\" decoding=\"async\" width=\"1024\" height=\"875\" src=\"http:\/\/web12496.serv4.spacequadrat.de\/html\/wp-content\/uploads\/2024\/10\/21-Jahre-1024x875.jpg\" alt=\"Holstentor L\u00fcbeck\" class=\"wp-image-272\" style=\"width:653px;height:auto\" srcset=\"http:\/\/web12496.serv4.spacequadrat.de\/html\/wp-content\/uploads\/2024\/10\/21-Jahre-1024x875.jpg 1024w, http:\/\/web12496.serv4.spacequadrat.de\/html\/wp-content\/uploads\/2024\/10\/21-Jahre-300x256.jpg 300w, http:\/\/web12496.serv4.spacequadrat.de\/html\/wp-content\/uploads\/2024\/10\/21-Jahre-768x657.jpg 768w, http:\/\/web12496.serv4.spacequadrat.de\/html\/wp-content\/uploads\/2024\/10\/21-Jahre-1536x1313.jpg 1536w, http:\/\/web12496.serv4.spacequadrat.de\/html\/wp-content\/uploads\/2024\/10\/21-Jahre-2048x1751.jpg 2048w\" sizes=\"(max-width: 1024px) 100vw, 1024px\" \/><\/figure>\n<\/div>","protected":false},"excerpt":{"rendered":"<p>Willkommen beim China Wok L\u00fcbeck! Seit 2003 bieten wir Ihnen fern\u00f6stliche Spezialit\u00e4ten in unserem Restaurant &amp; Lieferservice in L\u00fcbeck an. Wir haben dieses Jubil\u00e4um zum Anlass genommen, unsere Gastr\u00e4ume in neuem Glanz erstrahlen zu lassen. Besuchen Sie uns in der Schwartauer Allee 30 oder bestellen Sie Ihr Lieblingsgericht einfach bequem nach Hause &#8211; wir freuen<\/p>\n<div class=\"more-link\">\n\t\t\t\t <a href=\"http:\/\/web12496.serv4.spacequadrat.de\/html\/\" class=\"btn theme-btn\"><span> <\/span><\/a>\n\t\t\t<\/div>\n","protected":false},"author":1,"featured_media":0,"parent":0,"menu_order":0,"comment_status":"closed","ping_status":"closed","template":"","meta":{"footnotes":""},"class_list":["post-2","page","type-page","status-publish","hentry"],"_links":{"self":[{"href":"http:\/\/web12496.serv4.spacequadrat.de\/html\/wp-json\/wp\/v2\/pages\/2","targetHints":{"allow":["GET"]}}],"collection":[{"href":"http:\/\/web12496.serv4.spacequadrat.de\/html\/wp-json\/wp\/v2\/pages"}],"about":[{"href":"http:\/\/web12496.serv4.spacequadrat.de\/html\/wp-json\/wp\/v2\/types\/page"}],"author":[{"embeddable":true,"href":"http:\/\/web12496.serv4.spacequadrat.de\/html\/wp-json\/wp\/v2\/users\/1"}],"replies":[{"embeddable":true,"href":"http:\/\/web12496.serv4.spacequadrat.de\/html\/wp-json\/wp\/v2\/comments?post=2"}],"version-history":[{"count":57,"href":"http:\/\/web12496.serv4.spacequadrat.de\/html\/wp-json\/wp\/v2\/pages\/2\/revisions"}],"predecessor-version":[{"id":307,"href":"http:\/\/web12496.serv4.spacequadrat.de\/html\/wp-json\/wp\/v2\/pages\/2\/revisions\/307"}],"wp:attachment":[{"href":"http:\/\/web12496.serv4.spacequadrat.de\/html\/wp-json\/wp\/v2\/media?parent=2"}],"curies":[{"name":"wp","href":"https:\/\/api.w.org\/{rel}","templated":true}]}}